{"id":2535,"date":"2021-10-15T08:46:20","date_gmt":"2021-10-15T08:46:20","guid":{"rendered":"https:\/\/www.mgpsicologiagava.com\/politica-privacidad\/"},"modified":"2024-05-28T07:50:01","modified_gmt":"2024-05-28T07:50:01","slug":"politica-privacidad","status":"publish","type":"page","link":"https:\/\/www.mgpsicologiagava.com\/ca\/politica-privacidad\/","title":{"rendered":"Pol\u00edtica de privacitat"},"content":{"rendered":"<div class=\"fusion-fullwidth fullwidth-box fusion-builder-row-1 fusion-flex-container nonhundred-percent-fullwidth non-hundred-percent-height-scrolling\" style=\"--awb-border-radius-top-left:0px;--awb-border-radius-top-right:0px;--awb-border-radius-bottom-right:0px;--awb-border-radius-bottom-left:0px;--awb-flex-wrap:wrap;\" ><div class=\"fusion-builder-row fusion-row fusion-flex-align-items-flex-start fusion-flex-content-wrap\" style=\"max-width:1248px;margin-left: calc(-4% \/ 2 );margin-right: calc(-4% \/ 2 );\"><div class=\"fusion-layout-column fusion_builder_column fusion-builder-column-0 fusion_builder_column_1_1 1_1 fusion-flex-column\" style=\"--awb-bg-size:cover;--awb-width-large:100%;--awb-margin-top-large:0px;--awb-spacing-right-large:1.92%;--awb-margin-bottom-large:0px;--awb-spacing-left-large:1.92%;--awb-width-medium:100%;--awb-spacing-right-medium:1.92%;--awb-spacing-left-medium:1.92%;--awb-width-small:100%;--awb-spacing-right-small:1.92%;--awb-spacing-left-small:1.92%;\"><div class=\"fusion-column-wrapper fusion-flex-justify-content-flex-start fusion-content-layout-column\"><div class=\"fusion-text fusion-text-1\"><div class=\"flex flex-grow flex-col max-w-full\">\n<div class=\"min-h-&#091;20px&#093; text-message flex flex-col items-start whitespace-pre-wrap break-words &#091;.text-message+&amp;&#093;:mt-5 juice:w-full juice:items-end overflow-x-auto gap-2\" dir=\"auto\" data-message-author-role=\"assistant\" data-message-id=\"9ad87d7b-fc5b-491a-ac89-32392d8ff7bf\">\n<div class=\"flex w-full flex-col gap-1 juice:empty:hidden juice:first:pt-&#091;3px&#093;\">\n<div class=\"markdown prose w-full break-words dark:prose-invert dark\">\n<h2>Qui som<\/h2>\n<p>La direcci\u00f3 de la nostra web \u00e9s: <a href=\"https:\/\/www.mgpsicologiagava.com\" target=\"_new\" rel=\"noreferrer noopener\">https:\/\/www.mgpsicologiagava.com<\/a>.<\/p>\n<p>La responsable i propiet\u00e0ria d\u2019aquesta p\u00e0gina web \u00e9s:<\/p>\n<p>Marta Garc\u00eda Fern\u00e1ndez<br \/>Col. COPC: 12.098<br \/>NIF: 44418095N<br \/>C\/ Tresol, 54, local<br \/>08850 \u2013 Gav\u00e0<\/p>\n<h2>Cookies<\/h2>\n<p>Quan accedeixis, instal\u00b7larem diverses cookies per guardar la teva informaci\u00f3 d&#8217;acc\u00e9s i les teves opcions de visualitzaci\u00f3 de pantalla. Les cookies d&#8217;acc\u00e9s duren dos dies, i les cookies d&#8217;opcions de pantalla duren un any. Si selecciones \u00abRecorda&#8217;m\u00bb, el teu acc\u00e9s perdurar\u00e0 durant dues setmanes. Si surts del teu compte, les cookies d&#8217;acc\u00e9s s&#8217;eliminaran.<\/p>\n<p>Si edites o publiques un article, es guardar\u00e0 una cookie addicional al teu navegador. Aquesta cookie no inclou dades personals i simplement indica l&#8217;ID de l&#8217;article que acabes d&#8217;editar. Caduca despr\u00e9s d&#8217;1 dia.<\/p>\n<h2>Contingut incrustat d&#8217;altres llocs web<\/h2>\n<p>Els articles d\u2019aquest lloc poden incloure contingut incrustat (per exemple, v\u00eddeos, imatges, articles, mapes, etc.). El contingut incrustat d&#8217;altres webs es comporta exactament de la mateixa manera que si el visitant hagu\u00e9s visitat l&#8217;altra web.<\/p>\n<p>Aquests webs poden recopilar dades sobre tu, utilitzar cookies, incrustar un seguiment addicional de tercers, i supervisar la teva interacci\u00f3 amb aquest contingut incrustat, incl\u00f2s el seguiment de la teva interacci\u00f3 amb el contingut incrustat si tens un compte i est\u00e0s connectat a aquesta web.<\/p>\n<h2>Amb qui compartim les teves dades<\/h2>\n<p>Les teves dades no seran compartides amb tercers en cap cas i serveixen nom\u00e9s per atendre les teves demandes.<\/p>\n<h2>Quant de temps conservem les teves dades<\/h2>\n<p>Els administradors de la web tamb\u00e9 poden veure i editar aquesta informaci\u00f3. Despr\u00e9s de prestar el servei previst, les teves dades no tenen m\u00e9s finalitat que la d\u2019establir una via de comunicaci\u00f3 amb l\u2019administradora de la p\u00e0gina web.<\/p>\n<h2>Quins drets tens sobre les teves dades<\/h2>\n<p>Si tens un compte o has deixat comentaris en aquesta web, pots sol\u00b7licitar rebre un arxiu d&#8217;exportaci\u00f3 de les dades personals que tenim sobre tu, incloent qualsevol dada que ens hagis proporcionat. Tamb\u00e9 pots sol\u00b7licitar que eliminem qualsevol dada personal que tinguem sobre tu. Aix\u00f2 no inclou cap dada que estiguem obligats a conservar amb fins administratius, legals o de seguretat.<\/p>\n<h2>On enviem les teves dades<\/h2>\n<p>Els comentaris dels visitants poden ser revisats per un servei de detecci\u00f3 autom\u00e0tica de spam.<\/p>\n<\/div>\n<\/div>\n<\/div>\n<\/div>\n<\/div><\/div><\/div><\/div><\/div>\n","protected":false},"excerpt":{"rendered":"","protected":false},"author":1,"featured_media":0,"parent":0,"menu_order":0,"comment_status":"closed","ping_status":"open","template":"","meta":{"footnotes":""},"class_list":["post-2535","page","type-page","status-publish","hentry"],"_links":{"self":[{"href":"https:\/\/www.mgpsicologiagava.com\/ca\/wp-json\/wp\/v2\/pages\/2535","targetHints":{"allow":["GET"]}}],"collection":[{"href":"https:\/\/www.mgpsicologiagava.com\/ca\/wp-json\/wp\/v2\/pages"}],"about":[{"href":"https:\/\/www.mgpsicologiagava.com\/ca\/wp-json\/wp\/v2\/types\/page"}],"author":[{"embeddable":true,"href":"https:\/\/www.mgpsicologiagava.com\/ca\/wp-json\/wp\/v2\/users\/1"}],"replies":[{"embeddable":true,"href":"https:\/\/www.mgpsicologiagava.com\/ca\/wp-json\/wp\/v2\/comments?post=2535"}],"version-history":[{"count":2,"href":"https:\/\/www.mgpsicologiagava.com\/ca\/wp-json\/wp\/v2\/pages\/2535\/revisions"}],"predecessor-version":[{"id":2537,"href":"https:\/\/www.mgpsicologiagava.com\/ca\/wp-json\/wp\/v2\/pages\/2535\/revisions\/2537"}],"wp:attachment":[{"href":"https:\/\/www.mgpsicologiagava.com\/ca\/wp-json\/wp\/v2\/media?parent=2535"}],"curies":[{"name":"wp","href":"https:\/\/api.w.org\/{rel}","templated":true}]}}