{"id":2554,"date":"2024-05-28T08:37:33","date_gmt":"2024-05-28T08:37:33","guid":{"rendered":"https:\/\/www.mgpsicologiagava.com\/?page_id=2554"},"modified":"2024-05-28T08:37:34","modified_gmt":"2024-05-28T08:37:34","slug":"terapia-adolescents","status":"publish","type":"page","link":"https:\/\/www.mgpsicologiagava.com\/ca\/terapia-adolescents\/","title":{"rendered":"Ter\u00e0pia Adolescents"},"content":{"rendered":"<div class=\"fusion-fullwidth fullwidth-box fusion-builder-row-1 fusion-flex-container has-pattern-background has-mask-background nonhundred-percent-fullwidth non-hundred-percent-height-scrolling\" style=\"--awb-border-radius-top-left:0px;--awb-border-radius-top-right:0px;--awb-border-radius-bottom-right:0px;--awb-border-radius-bottom-left:0px;--awb-padding-bottom:6vw;--awb-flex-wrap:wrap;\" ><div class=\"fusion-builder-row fusion-row fusion-flex-align-items-flex-start fusion-flex-content-wrap\" style=\"max-width:1248px;margin-left: calc(-4% \/ 2 );margin-right: calc(-4% \/ 2 );\"><div class=\"fusion-layout-column fusion_builder_column fusion-builder-column-0 fusion_builder_column_1_2 1_2 fusion-flex-column\" style=\"--awb-bg-size:cover;--awb-width-large:50%;--awb-margin-top-large:0px;--awb-spacing-right-large:3.84%;--awb-margin-bottom-large:20px;--awb-spacing-left-large:3.84%;--awb-width-medium:50%;--awb-order-medium:0;--awb-spacing-right-medium:3.84%;--awb-spacing-left-medium:3.84%;--awb-width-small:100%;--awb-order-small:0;--awb-spacing-right-small:1.92%;--awb-spacing-left-small:1.92%;\"><div class=\"fusion-column-wrapper fusion-column-has-shadow fusion-flex-justify-content-flex-start fusion-content-layout-column\"><div class=\"fusion-text fusion-text-1\" style=\"--awb-text-transform:none;\"><h2>L&#8217;adolesc\u00e8ncia \u00e9s, en paraules de Freud, una de les experi\u00e8ncies m\u00e9s doloroses que ha de viure un \u00e9sser hum\u00e0 en la seva vida.<\/h2>\n<p>\u00c9s una etapa de dol ja que cal deixar de ser aquell nen que era per als pares a la inf\u00e0ncia i endinsar-se en crear una nova identitat. Aix\u00f2 oscil\u00b7la entre convulses sensacions de voler ser independent i alhora enyorar la seguretat i depend\u00e8ncia de la inf\u00e0ncia.<\/p>\n<p>Els pares han de travessar el dolor de deixar de ser la refer\u00e8ncia dels seus fills per veure com aquest espai \u00e9s ara ocupat per amics i companys.<\/p>\n<p>Sabem quan s&#8217;entra en l&#8217;adolesc\u00e8ncia, per\u00f2 quan i com se&#8217;n surt? Doncs podr\u00edem pensar que \u00e9s quan el jove ha pogut construir alguna cosa que li dona estabilitat a la seva vida, una manera de denominar-se ja sigui a trav\u00e9s dels seus estudis o una professi\u00f3, una parella, un ideal o qualsevol cosa que pugui donar-li una idea de futur de si mateix. Quan un adolescent troba alguna cosa que d\u00f3na sentit a la seva vida, alguna cosa que connecta amb alguna cosa de la seva singularitat.<\/p>\n<\/div><\/div><\/div><div class=\"fusion-layout-column fusion_builder_column fusion-builder-column-1 fusion_builder_column_1_2 1_2 fusion-flex-column\" style=\"--awb-bg-size:cover;--awb-width-large:50%;--awb-margin-top-large:0px;--awb-spacing-right-large:3.84%;--awb-margin-bottom-large:20px;--awb-spacing-left-large:3.84%;--awb-width-medium:50%;--awb-order-medium:0;--awb-spacing-right-medium:3.84%;--awb-spacing-left-medium:3.84%;--awb-width-small:100%;--awb-order-small:0;--awb-spacing-right-small:1.92%;--awb-spacing-left-small:1.92%;\"><div class=\"fusion-column-wrapper fusion-column-has-shadow fusion-flex-justify-content-flex-start fusion-content-layout-column\"><div class=\"fusion-image-element \" style=\"--awb-caption-title-font-family:var(--h2_typography-font-family);--awb-caption-title-font-weight:var(--h2_typography-font-weight);--awb-caption-title-font-style:var(--h2_typography-font-style);--awb-caption-title-size:var(--h2_typography-font-size);--awb-caption-title-transform:var(--h2_typography-text-transform);--awb-caption-title-line-height:var(--h2_typography-line-height);--awb-caption-title-letter-spacing:var(--h2_typography-letter-spacing);\"><span class=\" fusion-imageframe imageframe-none imageframe-1 hover-type-none\"><img decoding=\"async\" width=\"640\" height=\"427\" title=\"terapia-adolescentes\" src=\"https:\/\/www.mgpsicologiagava.com\/wp-content\/uploads\/2022\/04\/terapia-adolescentes.jpeg\" alt class=\"img-responsive wp-image-2051\" srcset=\"https:\/\/www.mgpsicologiagava.com\/wp-content\/uploads\/2022\/04\/terapia-adolescentes-200x133.jpeg 200w, https:\/\/www.mgpsicologiagava.com\/wp-content\/uploads\/2022\/04\/terapia-adolescentes-400x267.jpeg 400w, https:\/\/www.mgpsicologiagava.com\/wp-content\/uploads\/2022\/04\/terapia-adolescentes-600x400.jpeg 600w, https:\/\/www.mgpsicologiagava.com\/wp-content\/uploads\/2022\/04\/terapia-adolescentes.jpeg 640w\" sizes=\"(max-width: 640px) 100vw, 600px\" \/><\/span><\/div><\/div><\/div><\/div><\/div>\n","protected":false},"excerpt":{"rendered":"","protected":false},"author":1,"featured_media":0,"parent":0,"menu_order":0,"comment_status":"closed","ping_status":"closed","template":"","meta":{"footnotes":""},"class_list":["post-2554","page","type-page","status-publish","hentry"],"_links":{"self":[{"href":"https:\/\/www.mgpsicologiagava.com\/ca\/wp-json\/wp\/v2\/pages\/2554","targetHints":{"allow":["GET"]}}],"collection":[{"href":"https:\/\/www.mgpsicologiagava.com\/ca\/wp-json\/wp\/v2\/pages"}],"about":[{"href":"https:\/\/www.mgpsicologiagava.com\/ca\/wp-json\/wp\/v2\/types\/page"}],"author":[{"embeddable":true,"href":"https:\/\/www.mgpsicologiagava.com\/ca\/wp-json\/wp\/v2\/users\/1"}],"replies":[{"embeddable":true,"href":"https:\/\/www.mgpsicologiagava.com\/ca\/wp-json\/wp\/v2\/comments?post=2554"}],"version-history":[{"count":2,"href":"https:\/\/www.mgpsicologiagava.com\/ca\/wp-json\/wp\/v2\/pages\/2554\/revisions"}],"predecessor-version":[{"id":2556,"href":"https:\/\/www.mgpsicologiagava.com\/ca\/wp-json\/wp\/v2\/pages\/2554\/revisions\/2556"}],"wp:attachment":[{"href":"https:\/\/www.mgpsicologiagava.com\/ca\/wp-json\/wp\/v2\/media?parent=2554"}],"curies":[{"name":"wp","href":"https:\/\/api.w.org\/{rel}","templated":true}]}}