{"id":2570,"date":"2024-05-28T08:52:00","date_gmt":"2024-05-28T08:52:00","guid":{"rendered":"https:\/\/www.mgpsicologiagava.com\/?page_id=2570"},"modified":"2024-05-28T08:52:00","modified_gmt":"2024-05-28T08:52:00","slug":"contacte","status":"publish","type":"page","link":"https:\/\/www.mgpsicologiagava.com\/ca\/contacte\/","title":{"rendered":"Contacte"},"content":{"rendered":"<div class=\"fusion-fullwidth fullwidth-box fusion-builder-row-1 fusion-flex-container nonhundred-percent-fullwidth non-hundred-percent-height-scrolling\" style=\"--awb-background-position:center top;--awb-background-repeat:repeat-x;--awb-border-sizes-left:3vw;--awb-border-sizes-right:3vw;--awb-border-color:#ffffff;--awb-border-radius-top-left:0px;--awb-border-radius-top-right:0px;--awb-border-radius-bottom-right:0px;--awb-border-radius-bottom-left:0px;--awb-padding-top:0px;--awb-padding-right:7vw;--awb-padding-bottom:10vw;--awb-padding-left:7vw;--awb-padding-bottom-medium:8vw;--awb-padding-bottom-small:14vw;--awb-margin-top:80px;--awb-margin-bottom:0px;--awb-flex-wrap:wrap;\" ><div class=\"fusion-builder-row fusion-row fusion-flex-align-items-flex-start fusion-flex-content-wrap\" style=\"max-width:calc( 1200px + 7vw );margin-left: calc(-7vw \/ 2 );margin-right: calc(-7vw \/ 2 );\"><div class=\"fusion-layout-column fusion_builder_column fusion-builder-column-0 fusion_builder_column_1_3 1_3 fusion-flex-column fusion-flex-align-self-flex-start fusion-animated\" style=\"--awb-overflow:hidden;--awb-bg-size:cover;--awb-border-color:#454a6a;--awb-border-style:solid;--awb-border-radius:6px 6px 6px 6px;--awb-width-large:33.333333333333%;--awb-margin-top-large:0px;--awb-spacing-right-large:3.5vw;--awb-margin-bottom-large:0px;--awb-spacing-left-large:3.5vw;--awb-width-medium:33.333333333333%;--awb-order-medium:0;--awb-spacing-right-medium:3.5vw;--awb-spacing-left-medium:3.5vw;--awb-width-small:100%;--awb-order-small:0;--awb-spacing-right-small:3.5vw;--awb-spacing-left-small:3.5vw;\" data-animationType=\"fadeInUp\" data-animationDuration=\"1.3\" data-animationOffset=\"top-into-view\"><div class=\"fusion-column-wrapper fusion-column-has-shadow fusion-flex-justify-content-flex-start fusion-content-layout-column\"><div class=\"fusion-text fusion-text-1\" style=\"--awb-content-alignment:left;--awb-font-size:14px;--awb-letter-spacing:3px;--awb-text-transform:none;--awb-text-color:#000000;\"><p>MG PSICOLOG\u00cdA GAV\u00c0<\/p>\n<\/div><div class=\"fusion-text fusion-text-2\" style=\"--awb-content-alignment:left;--awb-font-size:17px;--awb-text-transform:none;--awb-text-color:#000000;\"><p>Carrer Tresols 54, local<br \/>08850 \u2013 Gav\u00e0 \u2013 Barcelona<br \/>Tel: 687 522 285<\/p>\n<\/div><div class=\"fusion-image-element \" style=\"--awb-max-width:100px;--awb-caption-title-font-family:var(--h2_typography-font-family);--awb-caption-title-font-weight:var(--h2_typography-font-weight);--awb-caption-title-font-style:var(--h2_typography-font-style);--awb-caption-title-size:var(--h2_typography-font-size);--awb-caption-title-transform:var(--h2_typography-text-transform);--awb-caption-title-line-height:var(--h2_typography-line-height);--awb-caption-title-letter-spacing:var(--h2_typography-letter-spacing);\"><span class=\" fusion-imageframe imageframe-none imageframe-1 hover-type-none\"><img decoding=\"async\" width=\"491\" height=\"491\" title=\"logo_490_ngrjpg\" src=\"https:\/\/www.mgpsicologiagava.com\/wp-content\/uploads\/2024\/05\/logo_490_ngrjpg.jpg\" alt class=\"img-responsive wp-image-2378\" srcset=\"https:\/\/www.mgpsicologiagava.com\/wp-content\/uploads\/2024\/05\/logo_490_ngrjpg-200x200.jpg 200w, https:\/\/www.mgpsicologiagava.com\/wp-content\/uploads\/2024\/05\/logo_490_ngrjpg-400x400.jpg 400w, https:\/\/www.mgpsicologiagava.com\/wp-content\/uploads\/2024\/05\/logo_490_ngrjpg.jpg 491w\" sizes=\"(max-width: 640px) 100vw, 491px\" \/><\/span><\/div><\/div><\/div><div class=\"fusion-layout-column fusion_builder_column fusion-builder-column-1 fusion_builder_column_2_3 2_3 fusion-flex-column fusion-animated\" style=\"--awb-bg-size:cover;--awb-width-large:66.666666666667%;--awb-margin-top-large:0px;--awb-spacing-right-large:calc( 0.075 * calc( 100% - 7vw ) );--awb-margin-bottom-large:0px;--awb-spacing-left-large:3.5vw;--awb-width-medium:66.666666666667%;--awb-order-medium:0;--awb-spacing-right-medium:calc( 0.075 * calc( 100% - 7vw ) );--awb-spacing-left-medium:3.5vw;--awb-width-small:100%;--awb-order-small:0;--awb-spacing-right-small:3.5vw;--awb-margin-bottom-small:9vw;--awb-spacing-left-small:3.5vw;\" data-animationType=\"fadeInUp\" data-animationDuration=\"1.3\" data-animationOffset=\"top-into-view\" id=\"texto-contacto\" data-scroll-devices=\"small-visibility,medium-visibility,large-visibility\"><div class=\"fusion-column-wrapper fusion-column-has-shadow fusion-flex-justify-content-center fusion-content-layout-column\"><div class=\"fusion-text fusion-text-3\"><p>Si tens qualsevol pregunta, dubte o vols concertar una cita, estem aqu\u00ed per ajudar-te. Pots posar-te en contacte amb mi de les seg\u00fcents maneres:<\/p>\n<p><strong>Trucada telef\u00f2nica:<\/strong> Si prefereixes parlar directament amb mi, no dubtis en trucar-me al n\u00famero <strong>687 522 285<\/strong>. Estar\u00e9 encantada d&#8217;atendre&#8217;t i oferir-te la informaci\u00f3 que necessitis.<\/p>\n<p><a class=\"button-with-icon\" style=\"color: #000;\" href=\"tel:+34687522285\" target=\"_blank\" rel=\"noopener\"><br \/>\n<img decoding=\"async\" style=\"height: 25px;\" src=\"https:\/\/www.mgpsicologiagava.com\/wp-content\/uploads\/2024\/05\/icon-tel.png\" alt=\"WhatsApp Icon\" \/> Truca&#8217;m<br \/>\n<\/a><\/p>\n<p><strong>WhatsApp:<\/strong> Per a una comunicaci\u00f3 m\u00e9s r\u00e0pida i c\u00f2moda, pots obrir un xat de WhatsApp amb mi fent clic al seg\u00fcent enlla\u00e7: <a href=\"https:\/\/wa.me\/34687522285\" target=\"_blank\" rel=\"noopener\">Xateja amb mi a WhatsApp<\/a>. \u00c9s una manera f\u00e0cil i immediata d&#8217;estar en contacte.<\/p>\n<p><a class=\"button-with-icon\" style=\"color: #000; max-width: 32%;\" href=\"https:\/\/wa.me\/34687522285\" target=\"_blank\" rel=\"noopener\"><br \/>\n<img decoding=\"async\" style=\"height: 25px;\" src=\"https:\/\/www.mgpsicologiagava.com\/wp-content\/uploads\/2024\/05\/whatsapp-icon.png\" alt=\"WhatsApp Icon\" \/> Envia&#8217;m un whatsapp<br \/>\n<\/a><\/p>\n<\/div><\/div><\/div><\/div><\/div>\n","protected":false},"excerpt":{"rendered":"","protected":false},"author":1,"featured_media":0,"parent":0,"menu_order":0,"comment_status":"closed","ping_status":"closed","template":"100-width.php","meta":{"footnotes":""},"class_list":["post-2570","page","type-page","status-publish","hentry"],"_links":{"self":[{"href":"https:\/\/www.mgpsicologiagava.com\/ca\/wp-json\/wp\/v2\/pages\/2570","targetHints":{"allow":["GET"]}}],"collection":[{"href":"https:\/\/www.mgpsicologiagava.com\/ca\/wp-json\/wp\/v2\/pages"}],"about":[{"href":"https:\/\/www.mgpsicologiagava.com\/ca\/wp-json\/wp\/v2\/types\/page"}],"author":[{"embeddable":true,"href":"https:\/\/www.mgpsicologiagava.com\/ca\/wp-json\/wp\/v2\/users\/1"}],"replies":[{"embeddable":true,"href":"https:\/\/www.mgpsicologiagava.com\/ca\/wp-json\/wp\/v2\/comments?post=2570"}],"version-history":[{"count":2,"href":"https:\/\/www.mgpsicologiagava.com\/ca\/wp-json\/wp\/v2\/pages\/2570\/revisions"}],"predecessor-version":[{"id":2572,"href":"https:\/\/www.mgpsicologiagava.com\/ca\/wp-json\/wp\/v2\/pages\/2570\/revisions\/2572"}],"wp:attachment":[{"href":"https:\/\/www.mgpsicologiagava.com\/ca\/wp-json\/wp\/v2\/media?parent=2570"}],"curies":[{"name":"wp","href":"https:\/\/api.w.org\/{rel}","templated":true}]}}